{"id":6,"date":"2020-07-24T17:41:10","date_gmt":"2020-07-24T15:41:10","guid":{"rendered":"http:\/\/www.camufit.ch\/?page_id=6"},"modified":"2024-03-25T10:37:51","modified_gmt":"2024-03-25T09:37:51","slug":"home","status":"publish","type":"page","link":"https:\/\/www.camufit.ch\/","title":{"rendered":"Home"},"content":{"rendered":"<div class=\"fusion-fullwidth fullwidth-box fusion-builder-row-1 nonhundred-percent-fullwidth non-hundred-percent-height-scrolling\"  style='background-color: rgba(255,255,255,0);background-position: center center;background-repeat: no-repeat;padding-top:0px;padding-right:0px;padding-bottom:0px;padding-left:0px;'><div class=\"fusion-builder-row fusion-row \"><div  class=\"fusion-layout-column fusion_builder_column fusion_builder_column_1_1 fusion-builder-column-0 fusion-one-full fusion-column-first fusion-column-last 1_1\"  style='margin-top:0px;margin-bottom:20px;'><div class=\"fusion-column-wrapper\" style=\"padding: 0px 0px 0px 0px;background-position:left top;background-repeat:no-repeat;-webkit-background-size:cover;-moz-background-size:cover;-o-background-size:cover;background-size:cover;\"   data-bg-url=\"\"><div class=\"fusion-text\"><h2><\/h2>\n<h1 style=\"text-align: center;\"><strong> Camufit \u00ae 50<\/strong><\/h1>\n<h2 style=\"text-align: center;\"><strong>Das vegane Nahrungserg\u00e4nzungsmittel<\/strong><\/h2>\n<p style=\"text-align: center;\">mit 100 Prozent nat\u00fcrlichen Vitaminen, nat\u00fcrlichem Coenzym Q10 (biofermentativ gewonnen),<br \/>\nMineralstoffen und sekund\u00e4ren Pflanzenstoffen,\u00a0glutenfrei &#8211; vegan.<\/p>\n<\/div><span class=\"fusion-imageframe imageframe-none imageframe-1 hover-type-none\"><img loading=\"lazy\" decoding=\"async\" src=\"http:\/\/www.camufit.ch\/wp-content\/uploads\/2024\/03\/cmufit-bild.png\" width=\"1398\" height=\"576\" alt=\"\" title=\"cmufit-bild\" class=\"img-responsive wp-image-24\" srcset=\"https:\/\/www.camufit.ch\/wp-content\/uploads\/2024\/03\/cmufit-bild-200x82.png 200w, https:\/\/www.camufit.ch\/wp-content\/uploads\/2024\/03\/cmufit-bild-400x165.png 400w, https:\/\/www.camufit.ch\/wp-content\/uploads\/2024\/03\/cmufit-bild-600x247.png 600w, https:\/\/www.camufit.ch\/wp-content\/uploads\/2024\/03\/cmufit-bild-800x330.png 800w, https:\/\/www.camufit.ch\/wp-content\/uploads\/2024\/03\/cmufit-bild-1200x494.png 1200w, https:\/\/www.camufit.ch\/wp-content\/uploads\/2024\/03\/cmufit-bild.png 1398w\" sizes=\"(max-width: 800px) 100vw, 1398px\" \/><\/span><style type=\"text\/css\">.imageframe-1{filter: brightness(101%);transition: filter 0.3s ease;}.imageframe-1:hover{filter: brightness(100%);}<\/style><div class=\"fusion-sep-clear\"><\/div><div class=\"fusion-separator fusion-full-width-sep sep-none\" style=\"margin-left: auto;margin-right: auto;margin-top:20px;\"><\/div><div class=\"fusion-text\"><h4 style=\"text-align: center;\"><strong>Camufit \u2013 Eppstein-Barr Virus \u2013 Heilung mit Hilfe der Ern\u00e4hrung<\/strong><\/h4>\n<p>Meine Informationen basieren auf eigener Erfahrung und Erleben. Fast vier Monate waren ich und Elisabeth Siegrist anno 1998 in der \u00c4skulap-Klinik in Brunnen (leider gibt es die Klinik in der damaligen Form nicht mehr). Wirklich geholfen, geheilt und weitergebracht haben uns die B\u00fccher von Henning M\u00fcller-Burzler und sein Wissen \u00fcber die Hintergr\u00fcnde. Aus Dankbarkeit gegen\u00fcber ihm habe ich den Vertrieb von Camufit f\u00fcr die Schweiz \u00fcbernommen.<\/p>\n<p>Bitte lesen Sie vor einer Einnahme auf www.mueller-burzler.de unter der Rubrik Artikel \u00abBehandlungsm\u00f6glichkeiten f\u00fcr chronische Viruserkrankungen\u00bb. Ich empfehle auch die B\u00fccher von Henning M\u00fcller-Burzler zu lesen.<\/p>\n<ul>\n<li>Gesund und Allergiefrei<\/li>\n<li>Das Handbuch f\u00fcr Allergiker<\/li>\n<li>Auf den Spuren der Methusalem-Ern\u00e4hrung<\/li>\n<\/ul>\n<p>Wichtig ist, die Trennkostregeln einzuhalten. Camufit und weitere Nahrungserg\u00e4nzungen k\u00f6nnen ihre Wirkung nicht entfalten, wenn die Verdauung und das Klima der Darmflora nicht gut sind.<\/p>\n<p>Mobiltelefone und Wireless Apparaturen zumindest w\u00e4hrend der Nacht abschalten. Informationen <strong><a href=\"http:\/\/www.gigaherz.ch\">www.gigaherz.ch<\/a>.<\/strong><\/p>\n<p>EMPFEHLUNG 2024\u00a0 Kiefernadel Tee trinken. &#8212;<strong> <a href=\"https:\/\/transinformation.net\/dies-koennte-ein-einfaches-gegenmittel-gegen-eine-spike-protein-uebertragung-durch-geimpfte-an-ungeimpfte-sein-das-in-kiefernnadeln-enthaltene-suramin\/\">https:\/\/transinformation.net\/dies-koennte-ein-einfaches-gegenmittel-gegen-eine-spike-protein-uebertragung-durch-geimpfte-an-ungeimpfte-sein-das-in-kiefernnadeln-enthaltene-suramin\/<\/a><\/strong><\/p>\n<p><strong><u>Kurzfassung und Erkl\u00e4rung der Trennkost<\/u><\/strong><\/p>\n<p>Grunds\u00e4tzlich: je weniger man durcheinander isst umso besser.<\/p>\n<p>Am gleichen Tag entweder kohlenhydratbezogen essen oder eiweissbezogen. Auf keinen Fall durcheinander. Entweder isst man kohlenhydratorientiert oder eiweissorientiert. Das kann man auch gut je 2-3 Tage durchziehen und man isst so immer noch gesund und abwechslungsreich.<\/p>\n<p><strong>Kohlenhydrate sind:<\/strong><\/p>\n<ul>\n<li>alle Getreidesorten wie Weizen, Roggen, Hafer, Gerste, Reis, Mais, Hirse, Amarant, Quinoa, Buchweizen<\/li>\n<li>alle Teigwaren und Brote<\/li>\n<li>Linsen, Bohnen, H\u00fclsenfr\u00fcchte (nur gut, wenn man sie richtig und lange kocht, Mindestkochzeiten und Tipps dazu auf der Webseite von <a href=\"http:\/\/www.mueller-burzler.de\">mueller-burzler.de<\/a>)<\/li>\n<\/ul>\n<p>Linsen, Erbsen, H\u00fclsenfr\u00fcchte sind nur gut verdaulich, wenn sie lange, bis zu zwei Stunden gekocht werden. Vorher sollte man sie einweichen, ein erstes Mal aufkochen, das Wasser absch\u00fctten und wieder kochen. Am besten f\u00fcr sich ganz allein essen mit einem Gem\u00fcse.<\/p>\n<ul>\n<li>Kartoffeln<\/li>\n<li>Pilze<\/li>\n<li>Erdn\u00fcsse (die Erdnuss ist ein Kohlenhydrat, auch wenn sie einen hohen Eiweissanteil hat)<\/li>\n<li>Schokolade<\/li>\n<\/ul>\n<p><strong>Zu Kohlenhydrat passen und sind gut verdaulich:<\/strong><br \/>Alle Gem\u00fcsesorten also jedes Gem\u00fcse und Salate.<\/p>\n<p>ACHTUNG:<br \/>Getreide nicht roh essen! Nur gut gekocht. Also keine Keimlinge essen. Es sei denn, ohne Salz. <br \/>Am gleichen Tag, an dem man rohes Getreide oder Keimlinge isst, darf kein Salz in den Magen kommen.<br \/>Hingegen mit gekochtem Getreide vertr\u00e4gt sich Salz gut. Nur Meersalz, Steinsalz oder Kristallsalz verwenden. M\u00f6glichst kein handels\u00fcbliches Kochsalz.<\/p>\n<p><strong>Eiweissbezogene Ern\u00e4hrung, was passt zusammen:<\/strong><\/p>\n<ul>\n<li>Fleisch, Fisch, Eier<\/li>\n<li>Alle Milchprodukte, egal ob Milch, Joghurt, Kefir, Quark, K\u00e4se usw.<\/li>\n<li>Alle N\u00fcsse, also Mandeln, Haseln\u00fcsse, Sesam, Baumn\u00fcsse, Paran\u00fcsse, Pinienkerne, Sojabohnen, Tofu (Sojamilch \u2013 eher nicht zu empfehlen)<\/li>\n<\/ul>\n<p>WICHTIG:<br \/>Keine rohen N\u00fcsse essen. Rohe N\u00fcsse sind mega gesund aber nur f\u00fcr sich allein mit 1-2 Fr\u00fcchten zusammen gegessen. Es darf auf keinen Fall Salz zu rohen N\u00fcssen kommen. Es ist wie in der Natur, auf salzhaltigem Boden w\u00e4chst und gedeiht nichts. Die rohe Nuss ist noch keimf\u00e4hig und in salzhaltiger Umgebung im Magen und D\u00fcnndarm gibt das starke Darmflorast\u00f6rungen. Und zudem kann der K\u00f6rper keine Entgiftungsfunktionen mehr vornehmen. Giftstoffe werden im Bindegewebe abgelagert und wenn es dort keinen Platz mehr hat\u2026<\/p>\n<p>Ich spreche hier aus eigenem Erleben. So hatte ich zusammen Vollkornbrot (das Salz enth\u00e4lt) gegessen mit rohen N\u00fcssen. Also komplett falsch kombiniert. Macht man das \u00fcber Monate und Jahre, kommt das nicht gut.<\/p>\n<p><strong>Zu Eiweiss passen:<\/strong><br \/>Alle Fr\u00fcchte wie \u00c4pfel, Ananas, Avocados, Bananen, Datteln, Feigen, Aprikosen, Trauben\/Weinbeeren, Papayas, Mango, Birnen usw.<\/p>\n<p>Auch Gem\u00fcse kann mit Eiweiss gut gegessen werden. Aber nicht durcheinander und kombiniert mit Fr\u00fcchten. Also entweder nimmt man zu Fleisch, Milch oder Nuss: Fr\u00fcchte, was am besten passt oder man isst dazu Gem\u00fcse, was etwas schwerer zu verdauen ist aber immer noch gut geht.<\/p>\n<p>Umgekehrt vertragen sich Kohlenhydrate, Getreide, Brot etc. nur mit Gem\u00fcse und nicht mit Fr\u00fcchten.<\/p>\n<p>AUSNAHME:<br \/>S\u00e4urearme Fr\u00fcchte wie Bananen oder Feigen. Alle anderen Fr\u00fcchte haben zu viel Fruchts\u00e4ure.<\/p>\n<p>ACHTUNG:<br \/>Melonen sind so ein Zwischending \u2013 weder Frucht noch Gem\u00fcse \u2013 k\u00f6nnen zu starken Bl\u00e4hungen und Unwohlsein f\u00fchren. Am besten M0elone f\u00fcr sich ganz allein essen oder \u00fcberhaupt nicht essen. Ist immer ein Risiko, da man noch lange warten muss, bis man etwas anderes essen kann.<\/p>\n<p>Neutral mit allem vertr\u00e4gt sich:<\/p>\n<ul>\n<li>Meersalz, unraffiniertes Steinsalz oder Kristallsalz<\/li>\n<li>Sojasauce<\/li>\n<li>alle Gew\u00fcrze, Kr\u00e4uter und Essig<\/li>\n<li>alle \u00d6le wie Oliven\u00f6l, Sonnenblumen\u00f6l, Fette und Butter<\/li>\n<li>Vollroh-Rohrzucker, Honig, Ahornsirup,<\/li>\n<\/ul>\n<p><strong>Ger\u00f6stete N\u00fcsse (geh\u00f6ren zu EIWEISS)<br \/><\/strong>Ger\u00f6stete N\u00fcsse k\u00f6nnen mit Salz gegessen werden. Sie m\u00fcssen aber gut ger\u00f6stet sein. Ger\u00f6stete N\u00fcsse sind nicht mehr keimf\u00e4hig und damit mit Salz zusammen vertr\u00e4glich.<\/p>\n<p>Rohe N\u00fcsse d\u00fcrfen nicht mit Salz zusammenkommen. Am gleichen Tag KEIN SALZ.<br \/>Rohe N\u00fcsse sind sehr gesund und gut mit Fr\u00fcchten zusammen kombinierbar. Aber keinesfalls darf am gleichen Tag Salz dazu kommen.<\/p>\n<p><strong>Raffinierter Zucker = Giftklasse 3<\/strong><br \/>Bitte s\u00fcssen nur mit Honig oder Voll-Rohrzucker.<\/p>\n<ul>\n<li>Wein passt zu Eiweiss, Fleisch, N\u00fcssen und Fr\u00fcchten.<\/li>\n<li>Bier passt zu Kohlenhydraten, also Getreiden, Kartoffeln, Gem\u00fcse.<\/li>\n<\/ul>\n<p><u>Preise und Informationen zu der Siebener-N\u00e4hrstoffkombination Camufit<br \/>nach Henning M\u00fcller-Burzler<\/u><\/p>\n<p>Ich habe den Vertrieb daf\u00fcr neu \u00fcbernommen. Seit 1998 kenne ich Henning M\u00fcller-Burzler. Ich hatte ihm geholfen, den Import und die Bewilligung f\u00fcr den Vertrieb von Camufit f\u00fcr die Schweiz zu organisieren. Das Etikett ist auch so gestaltet, dass es den schweizerischen Vorschriften entspricht. Die letzten zehn Jahre hat Sandra Gerber den Vertrieb organisiert. Nun hat sie alles mir \u00fcbergeben.<\/p>\n<p>Neben meiner T\u00e4tigkeit als Unternehmer tue ich mein Bestes, Interessenten zu beraten.<br \/>Ich bin Henning M\u00fcller-Burzler tief dankbar und verbunden und das ist meine Motivation, auch anderen Leuten zu helfen. Eine neue Webseite ist in Arbeit und wird gleichzeitig mit den neuen B\u00fcchern von Henning M\u00fcller-Burzler erscheinen. Bis dahin improvisiere ich.<\/p>\n<p>Die Kapsel lassen sich gut \u00f6ffnen. Man nimmt etwas Camufit auf einen L\u00f6ffel. Zum Beispiel die H\u00e4lfte einer 50er kapsel. Speichelt das Camufit im Mund gut ein. So wird nach meiner Meinung die Beste Wirkung erziehlt. Die Kapsel kann nachher wieder gut verschlossen werden.<\/p>\n<p>Grundregel 1 Gramm pro Kilogramm K\u00f6rpergewicht. ABER sachte starten. Zuerst ausprobieren wie viel man vertr\u00e4gt. Bitte Beitrag dazu auf der Webseite von Henning Mueller Burzler lesen.<\/p>\n<p><strong>Preise f\u00fcr Camufit:<\/strong><\/p>\n<p><strong>Camufit 40 g\u00a0\u00a0\u00a0\u00a0\u00a0 CHF 45.00<\/strong><\/p>\n<p><strong>Camufit 50 g\u00a0\u00a0\u00a0\u00a0\u00a0 CHF 50.00\u00a0 plus 8,1% Mehrwertssteuer<\/strong><\/p>\n<p><strong>Preise f\u00fcr weitere Nahrungserg\u00e4nzungen:<\/strong><\/p>\n<p><strong>Kiefernadel Tee hochwertig aus unber\u00fchrtem B\u00e4ren-Waldgebiet.<\/strong><\/p>\n<ul>\n<li>Packung 200 g Kiefernadeln geschnitten\u00a0\u00a0\u00a0\u00a0\u00a0\u00a0\u00a0\u00a0\u00a0\u00a0\u00a0\u00a0\u00a0\u00a0\u00a0\u00a0\u00a0\u00a0\u00a0\u00a0\u00a0\u00a0\u00a0\u00a0\u00a0\u00a0\u00a0\u00a0\u00a0\u00a0\u00a0\u00a0\u00a0\u00a0\u00a0\u00a0\u00a0\u00a0\u00a0\u00a0\u00a0\u00a0\u00a0\u00a0\u00a0\u00a0\u00a0\u00a0\u00a0\u00a0\u00a0\u00a0\u00a0\u00a0\u00a0\u00a0\u00a0\u00a0\u00a0\u00a0\u00a0\u00a0\u00a0\u00a0\u00a0\u00a0 \u00a0 \u00a0\u00a0 CHF 12.00<\/li>\n<li><u>Vitamin C Acerola-C<\/u> 500 mg, Dose mit 150 Lutschtabletten von Nature\u2019s Plus\u00a0\u00a0\u00a0\u00a0\u00a0\u00a0 CHF 34.00<\/li>\n<li><u>Zink<\/u> 30 mg, Dose mit 180 Tabletten von Nature\u2019s Plus\u00a0\u00a0\u00a0\u00a0\u00a0\u00a0\u00a0\u00a0\u00a0\u00a0\u00a0\u00a0\u00a0\u00a0\u00a0\u00a0\u00a0\u00a0\u00a0\u00a0\u00a0\u00a0\u00a0\u00a0\u00a0\u00a0\u00a0\u00a0\u00a0\u00a0\u00a0\u00a0\u00a0\u00a0\u00a0\u00a0\u00a0\u00a0\u00a0\u00a0\u00a0\u00a0\u00a0\u00a0\u00a0\u00a0\u00a0 CHF 30.00<\/li>\n<li><u>Coenzym Q10<\/u>, 90 Kapseln\u00a0\u00a0\u00a0\u00a0\u00a0\u00a0\u00a0\u00a0\u00a0\u00a0\u00a0\u00a0\u00a0\u00a0\u00a0\u00a0\u00a0\u00a0\u00a0\u00a0\u00a0\u00a0\u00a0\u00a0\u00a0\u00a0\u00a0\u00a0\u00a0\u00a0\u00a0\u00a0\u00a0\u00a0\u00a0\u00a0\u00a0\u00a0\u00a0\u00a0\u00a0\u00a0\u00a0\u00a0\u00a0\u00a0\u00a0\u00a0\u00a0\u00a0\u00a0\u00a0\u00a0\u00a0\u00a0\u00a0\u00a0\u00a0\u00a0\u00a0\u00a0\u00a0\u00a0\u00a0\u00a0\u00a0\u00a0\u00a0\u00a0\u00a0\u00a0\u00a0\u00a0\u00a0\u00a0\u00a0\u00a0\u00a0\u00a0\u00a0\u00a0\u00a0\u00a0\u00a0\u00a0\u00a0\u00a0\u00a0\u00a0\u00a0\u00a0\u00a0\u00a0\u00a0\u00a0\u00a0 CHF 30.00<\/li>\n<li><u>Bio Spirulina<\/u>, 150 Tabletten \u00e0 400 mg, solange Vorrat\u00a0\u00a0\u00a0\u00a0\u00a0\u00a0\u00a0\u00a0\u00a0\u00a0\u00a0\u00a0\u00a0\u00a0\u00a0\u00a0\u00a0\u00a0\u00a0\u00a0\u00a0\u00a0\u00a0\u00a0\u00a0\u00a0\u00a0\u00a0\u00a0\u00a0\u00a0\u00a0\u00a0\u00a0\u00a0\u00a0\u00a0\u00a0\u00a0\u00a0\u00a0\u00a0\u00a0\u00a0\u00a0\u00a0\u00a0\u00a0 CHF 40.00<\/li>\n<li><u>Camu Camu nat\u00fcrliches Vitamin C<\/u> 100 g, in Dose Pulver\u00a0\u00a0\u00a0\u00a0\u00a0\u00a0\u00a0\u00a0\u00a0\u00a0\u00a0\u00a0\u00a0\u00a0\u00a0\u00a0\u00a0\u00a0\u00a0\u00a0\u00a0\u00a0\u00a0\u00a0\u00a0\u00a0\u00a0\u00a0\u00a0\u00a0\u00a0\u00a0\u00a0\u00a0\u00a0\u00a0\u00a0\u00a0\u00a0\u00a0\u00a0\u00a0\u00a0 CHF 30.00<\/li>\n<li><u>Vegan Pancreatin ENZYMEDICA Digest<\/u> \u00a0\u00a0\u00a0\u00a0\u00a0\u00a0\u00a0\u00a0\u00a0\u00a0\u00a0\u00a0\u00a0\u00a0\u00a0\u00a0\u00a0\u00a0\u00a0\u00a0\u00a0\u00a0\u00a0\u00a0\u00a0\u00a0\u00a0\u00a0\u00a0\u00a0\u00a0\u00a0\u00a0\u00a0\u00a0\u00a0\u00a0\u00a0\u00a0\u00a0\u00a0\u00a0\u00a0\u00a0\u00a0\u00a0\u00a0\u00a0\u00a0\u00a0\u00a0\u00a0\u00a0\u00a0\u00a0\u00a0\u00a0\u00a0\u00a0\u00a0\u00a0\u00a0\u00a0\u00a0\u00a0\u00a0\u00a0\u00a0\u00a0\u00a0\u00a0\u00a0\u00a0 CHF 48.00<br \/>hilft sofort bei der Kohlenhydrat Verdauung, Eiweissverdauung und<br \/>Fettverdauung. Das Essen kann wieder optimal verdaut werden.<br \/>Vor Einnahme bitte lesen <a href=\"http:\/\/www.mueller-burzler.de\/forum\/messages\/989.html\"><strong>www.mueller-burzler.de\/forum\/messages\/989.html<\/strong><\/a><strong>.<\/strong><\/li>\n<\/ul>\n<p>\u00a0<\/p>\n<p>\u00a0<\/p>\n<\/div><div class=\"fusion-text\"><h3 style=\"text-align: center;\">Kontakt<\/h3>\n<p style=\"text-align: center;\"><strong>Juerg Siegrist<\/strong><br \/>Neufeldweg 2<br \/>4913 Bannwil<br \/>Tel. 062 552 02 24<br \/><strong><a href=\"mailto:juerg@juergsiegrist.ch\" target=\"_blank\" rel=\"noopener noreferrer\">juerg@juergsiegrist.ch<\/a><\/strong><\/p>\n<p style=\"text-align: center;\">Die Webseite camufit.ch befindet sich derzeit unter Bearbeitung.<\/p>\n<p style=\"text-align: center;\">Am Besten kontaktieren Sie mich telefonisch.<br \/>Gerne auch ausserhalb der \u00fcblichen Gesch\u00e4ftszeiten.<br \/>Dann habe ich auch Zeit f\u00fcr umfassende telefonische Beratungen.<\/p>\n<\/div><div class=\"fusion-sep-clear\"><\/div><div class=\"fusion-separator fusion-full-width-sep sep-none\" style=\"margin-left: auto;margin-right: auto;margin-top:40px;\"><\/div><div class=\"fusion-clearfix\"><\/div><\/div><\/div><\/div><\/div><style type=\"text\/css\">.fusion-fullwidth.fusion-builder-row-1 a:not(.fusion-button):not(.fusion-builder-module-control):not(.fusion-social-network-icon):not(.fb-icon-element):not(.fusion-countdown-link):not(.fusion-rollover-link):not(.fusion-rollover-gallery):not(.fusion-button-bar):not(.add_to_cart_button):not(.show_details_button):not(.product_type_external):not(.fusion-quick-view):not(.fusion-rollover-title-link):not(.fusion-breadcrumb-link) , .fusion-fullwidth.fusion-builder-row-1 a:not(.fusion-button):not(.fusion-builder-module-control):not(.fusion-social-network-icon):not(.fb-icon-element):not(.fusion-countdown-link):not(.fusion-rollover-link):not(.fusion-rollover-gallery):not(.fusion-button-bar):not(.add_to_cart_button):not(.show_details_button):not(.product_type_external):not(.fusion-quick-view):not(.fusion-rollover-title-link):not(.fusion-breadcrumb-link):before, .fusion-fullwidth.fusion-builder-row-1 a:not(.fusion-button):not(.fusion-builder-module-control):not(.fusion-social-network-icon):not(.fb-icon-element):not(.fusion-countdown-link):not(.fusion-rollover-link):not(.fusion-rollover-gallery):not(.fusion-button-bar):not(.add_to_cart_button):not(.show_details_button):not(.product_type_external):not(.fusion-quick-view):not(.fusion-rollover-title-link):not(.fusion-breadcrumb-link):after {color: #c27ac9;}.fusion-fullwidth.fusion-builder-row-1 a:not(.fusion-button):not(.fusion-builder-module-control):not(.fusion-social-network-icon):not(.fb-icon-element):not(.fusion-countdown-link):not(.fusion-rollover-link):not(.fusion-rollover-gallery):not(.fusion-button-bar):not(.add_to_cart_button):not(.show_details_button):not(.product_type_external):not(.fusion-quick-view):not(.fusion-rollover-title-link):not(.fusion-breadcrumb-link):hover, .fusion-fullwidth.fusion-builder-row-1 a:not(.fusion-button):not(.fusion-builder-module-control):not(.fusion-social-network-icon):not(.fb-icon-element):not(.fusion-countdown-link):not(.fusion-rollover-link):not(.fusion-rollover-gallery):not(.fusion-button-bar):not(.add_to_cart_button):not(.show_details_button):not(.product_type_external):not(.fusion-quick-view):not(.fusion-rollover-title-link):not(.fusion-breadcrumb-link):hover:before, .fusion-fullwidth.fusion-builder-row-1 a:not(.fusion-button):not(.fusion-builder-module-control):not(.fusion-social-network-icon):not(.fb-icon-element):not(.fusion-countdown-link):not(.fusion-rollover-link):not(.fusion-rollover-gallery):not(.fusion-button-bar):not(.add_to_cart_button):not(.show_details_button):not(.product_type_external):not(.fusion-quick-view):not(.fusion-rollover-title-link):not(.fusion-breadcrumb-link):hover:after {color: #aa60b2;}.fusion-fullwidth.fusion-builder-row-1 .pagination a.inactive:hover, .fusion-fullwidth.fusion-builder-row-1 .fusion-filters .fusion-filter.fusion-active a {border-color: #aa60b2;}.fusion-fullwidth.fusion-builder-row-1 .pagination .current {border-color: #aa60b2; background-color: #aa60b2;}.fusion-fullwidth.fusion-builder-row-1 .fusion-filters .fusion-filter.fusion-active a, .fusion-fullwidth.fusion-builder-row-1 .fusion-date-and-formats .fusion-format-box, .fusion-fullwidth.fusion-builder-row-1 .fusion-popover, .fusion-fullwidth.fusion-builder-row-1 .tooltip-shortcode {color: #aa60b2;}#main .fusion-fullwidth.fusion-builder-row-1 .post .blog-shortcode-post-title a:hover {color: #aa60b2;}<\/style>\n","protected":false},"excerpt":{"rendered":"","protected":false},"author":1,"featured_media":0,"parent":0,"menu_order":0,"comment_status":"closed","ping_status":"closed","template":"100-width.php","meta":{"footnotes":""},"_links":{"self":[{"href":"https:\/\/www.camufit.ch\/index.php\/wp-json\/wp\/v2\/pages\/6"}],"collection":[{"href":"https:\/\/www.camufit.ch\/index.php\/wp-json\/wp\/v2\/pages"}],"about":[{"href":"https:\/\/www.camufit.ch\/index.php\/wp-json\/wp\/v2\/types\/page"}],"author":[{"embeddable":true,"href":"https:\/\/www.camufit.ch\/index.php\/wp-json\/wp\/v2\/users\/1"}],"replies":[{"embeddable":true,"href":"https:\/\/www.camufit.ch\/index.php\/wp-json\/wp\/v2\/comments?post=6"}],"version-history":[{"count":22,"href":"https:\/\/www.camufit.ch\/index.php\/wp-json\/wp\/v2\/pages\/6\/revisions"}],"predecessor-version":[{"id":34,"href":"https:\/\/www.camufit.ch\/index.php\/wp-json\/wp\/v2\/pages\/6\/revisions\/34"}],"wp:attachment":[{"href":"https:\/\/www.camufit.ch\/index.php\/wp-json\/wp\/v2\/media?parent=6"}],"curies":[{"name":"wp","href":"https:\/\/api.w.org\/{rel}","templated":true}]}}